{"id":1515,"date":"2023-09-14T11:36:46","date_gmt":"2023-09-14T11:36:46","guid":{"rendered":"https:\/\/hotelcostablancadenia.com\/politique-de-confidentialite\/"},"modified":"2023-09-21T14:30:14","modified_gmt":"2023-09-21T14:30:14","slug":"politique-de-confidentialite","status":"publish","type":"page","link":"https:\/\/hotelcostablancadenia.com\/fr\/politique-de-confidentialite\/","title":{"rendered":"Politique de confidentialit\u00e9"},"content":{"rendered":"\n<p>Cette politique de confidentialit\u00e9 est conforme au R\u00e8glement (UE) 2016\/679 du Parlement europ\u00e9en et du Conseil du 27 avril 2016 relatif \u00e0 la protection des personnes physiques \u00e0 l&rsquo;\u00e9gard du traitement des donn\u00e9es \u00e0 caract\u00e8re personnel et \u00e0 la libre circulation de ces donn\u00e9es (RGPD), \u00e0 la Loi organique 3\/2018 du 5 d\u00e9cembre, sur la protection des donn\u00e9es \u00e0 caract\u00e8re personnel et la garantie des droits num\u00e9riques (LOPDGDD), ainsi que, dans la mesure o\u00f9 elle n&rsquo;est pas contraire \u00e0 la r\u00e9glementation susmentionn\u00e9e, \u00e0 la loi organique 15\/1999, sur la protection des donn\u00e9es \u00e0 caract\u00e8re personnel (LOPD) et \u00e0 ses r\u00e8glements d&rsquo;application, et\/ou \u00e0 ceux qui pourraient les remplacer ou les mettre \u00e0 jour \u00e0 l&rsquo;avenir.<br\/>Notre organisation s&rsquo;engage \u00e0 respecter la confidentialit\u00e9 de vos donn\u00e9es personnelles. Les donn\u00e9es \u00e0 caract\u00e8re personnel fournies sont n\u00e9cessaires \u00e0 la prestation de nos services et sont trait\u00e9es de mani\u00e8re licite, loyale et transparente, en garantissant une s\u00e9curit\u00e9 ad\u00e9quate des donn\u00e9es, y compris la protection contre le traitement non autoris\u00e9 ou illicite et contre la perte, la destruction ou les dommages accidentels gr\u00e2ce \u00e0 la mise en \u0153uvre de mesures techniques et organisationnelles.<br\/>Dans ce document, nous souhaitons vous fournir toutes les informations n\u00e9cessaires sur le traitement de vos donn\u00e9es personnelles par cette organisation de mani\u00e8re transparente et \u00e9quitable.<\/p>\n\n<p>I.- RESPONSABLE DU TRAITEMENT DES DONN\u00c9ES.<br\/>IDENTIT\u00c9 : JOS\u00c9 CRUZ MART\u00cd GRAMAJE<br\/>C.I.F. \/ N.I.F. : 19977722Z<br\/>ADRESSE : C\/ PINTOR LLORENS, 3, 03700 DENIA (ALICANTE)<br\/>T\u00c9L\u00c9PHONE : 965780336<br\/>E-MAIL : comercial@mrhotelsdenia.com<br\/>II &#8211; LES DESTINATAIRES DES DONN\u00c9ES \u00c0 CARACT\u00c8RE PERSONNEL.<br\/>1.- Les donn\u00e9es personnelles fournies ne feront l&rsquo;objet d&rsquo;aucun transfert, \u00e0 moins que cela ne soit stipul\u00e9 dans le traitement sp\u00e9cifique.<br\/>2.- \u00c0 titre facultatif, des donn\u00e9es \u00e0 caract\u00e8re personnel peuvent \u00eatre collect\u00e9es dans le cadre de contrats portant sur des services d&rsquo;informatique d\u00e9mat\u00e9rialis\u00e9e et\/ou des services d&rsquo;envoi de courriers \u00e9lectroniques, de communication, ainsi que d&rsquo;autres services informatiques connexes :<\/p>\n\n<p>-Command\u00e9s \u00e0 des soci\u00e9t\u00e9s de services informatiques situ\u00e9es dans l&rsquo;Espace \u00e9conomique europ\u00e9en (EEE) ou,<\/p>\n\n<p>-Transf\u00e9r\u00e9es \u00e0 des soci\u00e9t\u00e9s de services informatiques situ\u00e9es en dehors de l&rsquo;EEE qui sont couvertes par le bouclier de protection de la vie priv\u00e9e et qui ont donc mis en place des garanties ad\u00e9quates pour assurer la s\u00e9curit\u00e9 des donn\u00e9es \u00e0 caract\u00e8re personnel. Pour plus d&rsquo;informations, veuillez consulter le lien suivant : https:\/\/www.privacyshield.gov\/welcome<\/p>\n\n<p>3. \u00e0 titre facultatif, aux administrations et autres organismes lorsque cela est n\u00e9cessaire pour respecter les obligations l\u00e9gales.<br\/>III &#8211; BASE JURIDIQUE L\u00c9GITIMANT LE TRAITEMENT DES DONN\u00c9ES \u00c0 CARACT\u00c8RE PERSONNEL.<br\/>Pour chaque traitement sp\u00e9cifique de donn\u00e9es \u00e0 caract\u00e8re personnel, nous vous informerons de la base juridique de ce traitement.<br\/>IV &#8211; DROITS.<br\/>4.1.- LE DROIT D&rsquo;ACC\u00c8S.<br\/>Le droit d&rsquo;obtenir du responsable du traitement la confirmation que des donn\u00e9es \u00e0 caract\u00e8re personnel relatives \u00e0 la personne concern\u00e9e font ou ne font pas l&rsquo;objet d&rsquo;un traitement et, le cas \u00e9ch\u00e9ant, le droit d&rsquo;acc\u00e8s aux donn\u00e9es \u00e0 caract\u00e8re personnel et aux informations suivantes : les finalit\u00e9s du traitement, les cat\u00e9gories de donn\u00e9es \u00e0 caract\u00e8re personnel concern\u00e9es, les destinataires ou les cat\u00e9gories de destinataires auxquels les donn\u00e9es \u00e0 caract\u00e8re personnel ont \u00e9t\u00e9 ou seront communiqu\u00e9es, la dur\u00e9e de conservation ou les crit\u00e8res utilis\u00e9s pour d\u00e9terminer cette dur\u00e9e, l&rsquo;existence du droit de demander au responsable du traitement la rectification ou l&rsquo;effacement des donn\u00e9es \u00e0 caract\u00e8re personnel, la limitation du traitement des donn\u00e9es \u00e0 caract\u00e8re personnel relatives \u00e0 la personne concern\u00e9e ou l&rsquo;opposition \u00e0 ce traitement, le droit d&rsquo;introduire une r\u00e9clamation, le droit de s&rsquo;opposer au traitement des donn\u00e9es \u00e0 caract\u00e8re personnel relatives \u00e0 la personne concern\u00e9e, le droit d&rsquo;acc\u00e8s aux donn\u00e9es \u00e0 caract\u00e8re personnel la concernant et, le cas \u00e9ch\u00e9ant, le droit d&rsquo;obtenir du responsable du traitement qu&rsquo;il lui accorde le droit d&rsquo;acc\u00e9der aux donn\u00e9es \u00e0 caract\u00e8re personnel la concernant.<br\/>devant l&rsquo;Agence espagnole de protection des donn\u00e9es (AEPD), l&rsquo;existence, le cas \u00e9ch\u00e9ant, de d\u00e9cisions automatis\u00e9es, y compris le profilage, lorsque les donn\u00e9es sont transf\u00e9r\u00e9es \u00e0 des pays tiers le droit d&rsquo;\u00eatre inform\u00e9 des garanties appropri\u00e9es appliqu\u00e9es.<br\/>4.2 &#8211; DROIT DE RECTIFICATION.<br\/>Il s&rsquo;agit du droit de demander la rectification de vos donn\u00e9es personnelles si elles sont inexactes, y compris le droit de compl\u00e9ter les donn\u00e9es incompl\u00e8tes. Veuillez noter qu&rsquo;en nous fournissant des donn\u00e9es personnelles par quelque moyen que ce soit, vous garantissez qu&rsquo;elles sont vraies et exactes et vous vous engagez \u00e0 nous informer de tout changement ou modification. Par cons\u00e9quent, tout dommage caus\u00e9 par la communication d&rsquo;informations erron\u00e9es, inexactes ou incompl\u00e8tes dans les formulaires du site web rel\u00e8ve de la seule responsabilit\u00e9 de l&rsquo;int\u00e9ress\u00e9.<br\/>4.3.- DROIT DE SUPPRESSION.<br\/>Il s&rsquo;agit du droit de demander la suppression de vos donn\u00e9es \u00e0 caract\u00e8re personnel lorsque, entre autres, elles ne sont plus n\u00e9cessaires aux fins pour lesquelles elles ont \u00e9t\u00e9 collect\u00e9es, qu&rsquo;elles font l&rsquo;objet d&rsquo;un autre traitement ou que vous retirez votre consentement. Il convient de rappeler que l&rsquo;effacement n&rsquo;est pas applicable lorsque le traitement des donn\u00e9es \u00e0 caract\u00e8re personnel est n\u00e9cessaire, entre autres, au respect d&rsquo;obligations l\u00e9gales ou \u00e0 la formulation, \u00e0 l&rsquo;exercice ou \u00e0 la d\u00e9fense de r\u00e9clamations.<br\/>4.4.- DROIT DE LIMITATION.<br\/>Il s&rsquo;agit du droit de demander que nous limitions le traitement de vos donn\u00e9es \u00e0 caract\u00e8re personnel, ce qui signifie que, dans certains cas, vous pouvez nous demander d&rsquo;arr\u00eater temporairement le traitement de vos donn\u00e9es \u00e0 caract\u00e8re personnel ou de les conserver plus longtemps que n\u00e9cessaire lorsque vous pourriez en avoir besoin.<br\/>4.5.- LE DROIT DE RETIRER SON CONSENTEMENT.<br\/>Vous avez le droit de retirer le consentement que vous avez donn\u00e9 en apposant votre signature manuscrite ou num\u00e9rique \u00e0 tout moment et selon les modalit\u00e9s pr\u00e9cis\u00e9es dans la section correspondante \u00ab\u00a0Exercice des droits\u00a0\u00bb ou dans le traitement sp\u00e9cifique des communications commerciales ou de la lettre d&rsquo;information. Veuillez noter que ce droit ne s&rsquo;applique pas si, entre autres, le traitement des donn\u00e9es \u00e0 caract\u00e8re personnel est n\u00e9cessaire au respect d&rsquo;une obligation l\u00e9gale, \u00e0 l&rsquo;ex\u00e9cution et au maintien d&rsquo;une relation contractuelle, ou \u00e0 la formulation, \u00e0 l&rsquo;exercice ou \u00e0 la d\u00e9fense de r\u00e9clamations. En outre, le retrait du consentement n&rsquo;a pas pour effet d&#8217;emp\u00eacher la mise en \u0153uvre de la pr\u00e9sente directive.<br\/>un effet r\u00e9troactif, c&rsquo;est-\u00e0-dire qu&rsquo;il n&rsquo;affectera pas la l\u00e9galit\u00e9 du traitement fond\u00e9 sur le consentement avant son retrait.<br\/>4.6 &#8211; DROIT \u00c0 LA PORTABILIT\u00c9.<br\/>Il s&rsquo;agit du droit de recevoir les donn\u00e9es \u00e0 caract\u00e8re personnel vous concernant que vous nous avez fournies dans un format structur\u00e9, couramment utilis\u00e9 et lisible par machine, et de les transmettre \u00e0 un autre responsable du traitement, \u00e0 condition que le traitement soit fond\u00e9 sur votre consentement et qu&rsquo;il soit effectu\u00e9 par des moyens automatis\u00e9s ou informatis\u00e9s.<br\/>4.7.- DROIT D&rsquo;OPPOSITION.<br\/>Il s&rsquo;agit du droit de s&rsquo;opposer au traitement de vos donn\u00e9es personnelles sur la base de notre int\u00e9r\u00eat l\u00e9gitime. Nous ne traiterons plus vos donn\u00e9es \u00e0 caract\u00e8re personnel, sauf si nous pouvons d\u00e9montrer l&rsquo;existence de motifs l\u00e9gitimes imp\u00e9rieux pour le traitement qui pr\u00e9valent sur vos int\u00e9r\u00eats, droits et libert\u00e9s, ou pour la constatation, l&rsquo;exercice ou la d\u00e9fense de droits.<br\/>4.8.- LE DROIT D&rsquo;INTRODUIRE UNE R\u00c9CLAMATION AUPR\u00c8S D&rsquo;UNE AUTORIT\u00c9 DE CONTR\u00d4LE.<br\/>Si vous pensez que nous traitons vos donn\u00e9es personnelles de mani\u00e8re incorrecte, vous pouvez nous contacter ou vous avez \u00e9galement le droit de d\u00e9poser une plainte aupr\u00e8s de l&rsquo;Agence espagnole de protection des donn\u00e9es (AEPD) :<br\/>https:\/\/www.agpd.es\/portalwebAGPD\/index-ides-idphp.php<br\/>4.9.- L&rsquo;EXERCICE DES DROITS.<br\/>Vous pouvez exercer vos droits en envoyant une lettre \u00e0 l&rsquo;adresse postale indiqu\u00e9e ci-dessus ou par e-mail \u00e0 comercial@mrhotelsdenia.com, en joignant dans les deux cas une copie de votre NIF\/NIE\/Passeport ou d&rsquo;un document similaire.<br\/>V.- TRAITEMENT DES DONN\u00c9ES PERSONNELLES.<br\/>5.1.- DISPOSITIONS G\u00c9N\u00c9RIQUES.<br\/>Les donn\u00e9es \u00e0 caract\u00e8re personnel demand\u00e9es dans chacun des traitements sp\u00e9cifiques sont ad\u00e9quates, pertinentes et limit\u00e9es \u00e0 ce qui est n\u00e9cessaire au regard des finalit\u00e9s pour lesquelles elles sont trait\u00e9es, respectant ainsi le principe de minimisation des donn\u00e9es.<br\/>Les donn\u00e9es personnelles demand\u00e9es dans chacun des traitements sp\u00e9cifiques sont strictement n\u00e9cessaires ; le refus de les fournir signifierait que nous ne serions pas en mesure de fournir le service demand\u00e9.<br\/>Les communications de donn\u00e9es \u00e0 caract\u00e8re personnel pr\u00e9vues dans chacun des traitements sp\u00e9cifiques sont dans certains cas n\u00e9cessaires \u00e0 l&rsquo;ex\u00e9cution et au maintien d&rsquo;un contrat et dans d&rsquo;autres cas au respect d&rsquo;une obligation l\u00e9gale applicable au responsable du traitement.<br\/>5.2.- LES TRAITEMENTS DE BASE.<br\/>Facturation.<br\/>Les donn\u00e9es personnelles seront trait\u00e9es dans le but d&rsquo;\u00e9mettre la facture correspondante pour les services rendus.<br\/>La base juridique qui l\u00e9gitime le traitement des donn\u00e9es \u00e0 caract\u00e8re personnel est le respect d&rsquo;une obligation l\u00e9gale applicable au responsable du traitement.<br\/>Conform\u00e9ment aux obligations l\u00e9gales applicables au responsable du traitement, les donn\u00e9es \u00e0 caract\u00e8re personnel seront transf\u00e9r\u00e9es aux autorit\u00e9s fiscales et \u00e0 d&rsquo;autres organismes officiels n\u00e9cessaires, et en tant qu&rsquo;exigence contractuelle n\u00e9cessaire, \u00e0 des soci\u00e9t\u00e9s tierces pour la fourniture de services \u00e0 la soci\u00e9t\u00e9 de conseil\/gestion responsable, ainsi que, le cas \u00e9ch\u00e9ant, pour la demande de garanties concernant les produits et\/ou les services contract\u00e9s.<br\/>Les donn\u00e9es \u00e0 caract\u00e8re personnel seront conserv\u00e9es aussi longtemps que la relation entre les parties est maintenue ou aussi longtemps que n\u00e9cessaire pour se conformer aux obligations l\u00e9gales.<br\/>E-mail.<br\/>Les donn\u00e9es personnelles seront trait\u00e9es afin de canaliser les demandes d&rsquo;information, les suggestions et les plaintes des clients ou des utilisateurs en vue de leur gestion et de leur r\u00e9solution.<br\/>La base juridique qui l\u00e9gitime le traitement des donn\u00e9es \u00e0 caract\u00e8re personnel est l&rsquo;int\u00e9r\u00eat l\u00e9gitime du responsable du traitement.<br\/>Les donn\u00e9es \u00e0 caract\u00e8re personnel seront conserv\u00e9es pendant une p\u00e9riode de deux ans \u00e0 compter du moment o\u00f9 elles cessent d&rsquo;\u00eatre trait\u00e9es, sans pr\u00e9judice de l&rsquo;exercice de vos droits en tant que personne concern\u00e9e.<br\/>Inscription au registre<br\/>Les donn\u00e9es personnelles seront trait\u00e9es afin de g\u00e9rer le service indiqu\u00e9 dans le document lui-m\u00eame.<br\/>La base juridique qui l\u00e9gitime le traitement des donn\u00e9es personnelles est le consentement explicite donn\u00e9 par la signature de l&rsquo;autorisation de traitement des donn\u00e9es personnelles.<br\/>En tant qu&rsquo;exigence contractuelle n\u00e9cessaire, les donn\u00e9es \u00e0 caract\u00e8re personnel seront transmises \u00e0 des partenaires externes et \u00e0 des agences, des fonctionnaires, des registres publics, d&rsquo;autres tiers en g\u00e9n\u00e9ral aux fins de la mission, ainsi qu&rsquo;\u00e0 des soci\u00e9t\u00e9s tierces pour la fourniture de services \u00e0 la personne responsable du conseil\/de l&rsquo;administration.<br\/>Les donn\u00e9es \u00e0 caract\u00e8re personnel seront conserv\u00e9es aussi longtemps que vous ne retirerez pas votre consentement, \u00e0 moins qu&rsquo;elles ne doivent \u00eatre conserv\u00e9es pour le maintien de la relation entre les parties ou pour les ann\u00e9es n\u00e9cessaires au respect des obligations l\u00e9gales.<br\/>R\u00e9servations.<br\/>Les donn\u00e9es personnelles seront trait\u00e9es pour g\u00e9rer les r\u00e9servations effectu\u00e9es, ainsi que pour toute autre finalit\u00e9 l\u00e9gitime et n\u00e9cessaire bas\u00e9e sur la relation entre les parties.<br\/>La base juridique qui l\u00e9gitime le traitement des donn\u00e9es personnelles est le consentement expr\u00e8s donn\u00e9 par la signature de l&rsquo;autorisation correspondante pour le traitement des donn\u00e9es personnelles.<br\/>En tant qu&rsquo;exigence contractuelle n\u00e9cessaire, les donn\u00e9es personnelles seront transmises \u00e0 des soci\u00e9t\u00e9s tierces pour la fourniture de services de conseil \u00e0 la partie responsable. Conform\u00e9ment aux obligations l\u00e9gales, les donn\u00e9es personnelles seront transf\u00e9r\u00e9es aux forces et corps de s\u00e9curit\u00e9 de l&rsquo;\u00c9tat et \u00e0 l&rsquo;administration fiscale.<br\/>Les donn\u00e9es \u00e0 caract\u00e8re personnel seront conserv\u00e9es aussi longtemps que vous ne retirerez pas votre consentement, \u00e0 moins qu&rsquo;elles ne doivent \u00eatre conserv\u00e9es pour le maintien de la relation entre les parties ou pour les ann\u00e9es n\u00e9cessaires au respect des obligations l\u00e9gales.<\/p>\n","protected":false},"excerpt":{"rendered":"<p>Cette politique de confidentialit\u00e9 est conforme au R\u00e8glement (UE) 2016\/679 du Parlement europ\u00e9en et du Conseil du 27 avril 2016 relatif \u00e0 la protection des personnes physiques \u00e0 l&rsquo;\u00e9gard du traitement des donn\u00e9es \u00e0 caract\u00e8re personnel et \u00e0 la libre circulation de ces donn\u00e9es (RGPD), \u00e0 la Loi organique 3\/2018 du 5 d\u00e9cembre, sur la [&hellip;]<\/p>\n","protected":false},"author":1,"featured_media":0,"parent":0,"menu_order":0,"comment_status":"closed","ping_status":"closed","template":"","meta":{"_joinchat":[],"footnotes":""},"class_list":["post-1515","page","type-page","status-publish","hentry"],"_links":{"self":[{"href":"https:\/\/hotelcostablancadenia.com\/fr\/wp-json\/wp\/v2\/pages\/1515","targetHints":{"allow":["GET"]}}],"collection":[{"href":"https:\/\/hotelcostablancadenia.com\/fr\/wp-json\/wp\/v2\/pages"}],"about":[{"href":"https:\/\/hotelcostablancadenia.com\/fr\/wp-json\/wp\/v2\/types\/page"}],"author":[{"embeddable":true,"href":"https:\/\/hotelcostablancadenia.com\/fr\/wp-json\/wp\/v2\/users\/1"}],"replies":[{"embeddable":true,"href":"https:\/\/hotelcostablancadenia.com\/fr\/wp-json\/wp\/v2\/comments?post=1515"}],"version-history":[{"count":1,"href":"https:\/\/hotelcostablancadenia.com\/fr\/wp-json\/wp\/v2\/pages\/1515\/revisions"}],"predecessor-version":[{"id":1516,"href":"https:\/\/hotelcostablancadenia.com\/fr\/wp-json\/wp\/v2\/pages\/1515\/revisions\/1516"}],"wp:attachment":[{"href":"https:\/\/hotelcostablancadenia.com\/fr\/wp-json\/wp\/v2\/media?parent=1515"}],"curies":[{"name":"wp","href":"https:\/\/api.w.org\/{rel}","templated":true}]}}