{"id":1517,"date":"2023-09-14T11:36:46","date_gmt":"2023-09-14T11:36:46","guid":{"rendered":"https:\/\/hotelcostablancadenia.com\/datenschutzbestimmungen\/"},"modified":"2023-09-21T14:30:14","modified_gmt":"2023-09-21T14:30:14","slug":"datenschutzbestimmungen","status":"publish","type":"page","link":"https:\/\/hotelcostablancadenia.com\/de\/datenschutzbestimmungen\/","title":{"rendered":"Datenschutzbestimmungen"},"content":{"rendered":"\n<p>Diese Datenschutzrichtlinie steht im Einklang mit der Verordnung (EU) 2016\/679 des Europ\u00e4ischen Parlaments und des Rates vom 27. April 2016 zum Schutz nat\u00fcrlicher Personen bei der Verarbeitung personenbezogener Daten und zum freien Datenverkehr (RGPD), dem Organgesetz 3\/2018 vom 5. Dezember, \u00fcber den Schutz personenbezogener Daten und die Gew\u00e4hrleistung digitaler Rechte (LOPDGDD) sowie, soweit dies nicht im Widerspruch zu den vorgenannten Vorschriften steht, zum Organgesetz 15\/1999 \u00fcber den Schutz personenbezogener Daten (LOPD) und seinen Durchf\u00fchrungsbestimmungen und\/oder denjenigen, die sie in Zukunft ersetzen oder aktualisieren werden.<br\/>Unsere Organisation ist dem Schutz Ihrer pers\u00f6nlichen Daten verpflichtet. Die zur Verf\u00fcgung gestellten personenbezogenen Daten sind f\u00fcr die Erbringung unserer Dienstleistungen erforderlich und werden auf rechtm\u00e4\u00dfige, faire und transparente Weise verarbeitet, wobei eine angemessene Sicherheit der Daten gew\u00e4hrleistet wird, einschlie\u00dflich des Schutzes vor unbefugter oder unrechtm\u00e4\u00dfiger Verarbeitung und vor zuf\u00e4lligem Verlust, Zerst\u00f6rung oder Besch\u00e4digung durch die Anwendung technischer und organisatorischer Ma\u00dfnahmen.<br\/>In diesem Dokument m\u00f6chten wir Ihnen alle notwendigen Informationen \u00fcber die Verarbeitung Ihrer personenbezogenen Daten durch diese Organisation auf transparente und faire Weise geben.<\/p>\n\n<p>I.- INHABER DER DATENVERARBEITUNG.<br\/>IDENTIT\u00c4T: JOS\u00c9 CRUZ MART\u00cd GRAMAJE<br\/>C.I.F. \/ N.I.F.: 19977722Z<br\/>ANSCHRIFT: C\/ PINTOR LLORENS, 3, 03700 DENIA (ALICANTE)<br\/>TELEFON: 965780336<br\/>E-MAIL: comercial@mrhotelsdenia.com<br\/>II.- EMPF\u00c4NGER VON PERSONENBEZOGENEN DATEN.<br\/>1.- Die \u00fcbermittelten personenbezogenen Daten sind nicht Gegenstand einer \u00dcbermittlung, es sei denn, dies ist in der jeweiligen Verarbeitung vorgesehen.<br\/>2.- F\u00fcr die Inanspruchnahme von Cloud Computing-Diensten und\/oder Diensten f\u00fcr den Versand von E-Mails, Kommunikation sowie anderen damit verbundenen IT-Diensten k\u00f6nnen personenbezogene Daten gespeichert werden:<\/p>\n\n<p>bei IT-Dienstleistungsunternehmen mit Sitz im Europ\u00e4ischen Wirtschaftsraum (EWR) bestellt werden oder,<\/p>\n\n<p>-\u00dcbertragung an IT-Dienstleistungsunternehmen au\u00dferhalb des EWR, die unter das Privacy Shield fallen und daher \u00fcber angemessene Schutzma\u00dfnahmen zur Gew\u00e4hrleistung der Sicherheit personenbezogener Daten verf\u00fcgen. F\u00fcr weitere Informationen besuchen Sie bitte diesen Link: https:\/\/www.privacyshield.gov\/welcome<\/p>\n\n<p>3. fakultativ an Verwaltungen und andere Stellen, wenn dies zur Erf\u00fcllung gesetzlicher Verpflichtungen erforderlich ist.<br\/>III.- RECHTSGRUNDLAGE ZUR LEGITIMIERUNG DER VERARBEITUNG VON PERSONENBEZOGENEN DATEN.<br\/>F\u00fcr jede spezifische Verarbeitung personenbezogener Daten werden wir Sie \u00fcber die Rechtsgrundlage f\u00fcr diese Verarbeitung informieren.<br\/>IV.- RECHTE.<br\/>4.1.- RECHT AUF ZUGANG.<br\/>das Recht, von dem f\u00fcr die Verarbeitung Verantwortlichen eine Best\u00e4tigung dar\u00fcber zu erhalten, ob personenbezogene Daten der betroffenen Person verarbeitet werden oder nicht, und wenn ja, das Recht auf Auskunft \u00fcber die personenbezogenen Daten und auf folgende Informationen die Zwecke der Verarbeitung, die betroffenen Kategorien personenbezogener Daten, die Empf\u00e4nger oder Kategorien von Empf\u00e4ngern, an die die personenbezogenen Daten weitergegeben wurden oder werden, die Dauer der Speicherung oder die Kriterien f\u00fcr die Festlegung dieser Dauer, das Bestehen des Rechts, von dem f\u00fcr die Verarbeitung Verantwortlichen die Berichtigung oder L\u00f6schung personenbezogener Daten oder die Einschr\u00e4nkung der Verarbeitung oder den Widerspruch gegen die Verarbeitung personenbezogener Daten der betroffenen Person zu verlangen, das Recht, eine Beschwerde einzureichen, das Recht, gegen die Verarbeitung personenbezogener Daten der betroffenen Person Widerspruch einzulegen, das Recht auf Auskunft \u00fcber die sie betreffenden personenbezogenen Daten und gegebenenfalls das Recht, von dem f\u00fcr die Verarbeitung Verantwortlichen das Recht auf Auskunft \u00fcber die sie betreffenden personenbezogenen Daten zu erhalten.<br\/>vor der spanischen Datenschutzbeh\u00f6rde (AEPD) das Vorhandensein von automatisierten Entscheidungen, einschlie\u00dflich Profiling, bei der \u00dcbermittlung von Daten in Drittl\u00e4nder das Recht, \u00fcber die angewandten angemessenen Garantien informiert zu werden.<br\/>4.2.- RECHT AUF BERICHTIGUNG.<br\/>Sie haben das Recht, die Berichtigung Ihrer personenbezogenen Daten zu verlangen, wenn diese unrichtig sind, einschlie\u00dflich des Rechts, unvollst\u00e4ndige Daten zu erg\u00e4nzen. Bitte beachten Sie, dass Sie, wenn Sie uns personenbezogene Daten zur Verf\u00fcgung stellen, garantieren, dass diese wahrheitsgetreu und korrekt sind, und dass Sie sich verpflichten, uns \u00fcber alle \u00c4nderungen oder Modifikationen dieser Daten zu informieren. F\u00fcr Sch\u00e4den, die durch die \u00dcbermittlung falscher, ungenauer oder unvollst\u00e4ndiger Angaben in den Formularen der Website verursacht werden, ist daher allein der Interessent verantwortlich.<br\/>4.3.- RECHT AUF L\u00d6SCHUNG.<br\/>Dies ist das Recht, die L\u00f6schung Ihrer personenbezogenen Daten zu verlangen, wenn sie u. a. f\u00fcr den Zweck, f\u00fcr den sie erhoben wurden, nicht mehr erforderlich sind oder anderweitig verarbeitet werden oder Sie Ihre Einwilligung widerrufen. Es ist zu bedenken, dass die L\u00f6schung nicht anwendbar ist, wenn die Verarbeitung personenbezogener Daten unter anderem zur Erf\u00fcllung rechtlicher Verpflichtungen oder zur Geltendmachung, Aus\u00fcbung oder Verteidigung von Rechtsanspr\u00fcchen erforderlich ist.<br\/>4.4.- RECHT AUF EINSCHR\u00c4NKUNG.<br\/>Dies ist das Recht, eine Einschr\u00e4nkung der Verarbeitung Ihrer personenbezogenen Daten zu verlangen. Das bedeutet, dass Sie uns in bestimmten F\u00e4llen bitten k\u00f6nnen, die Verarbeitung Ihrer personenbezogenen Daten vor\u00fcbergehend einzustellen oder sie l\u00e4nger als n\u00f6tig aufzubewahren, wenn Sie sie ben\u00f6tigen.<br\/>4.5.- RECHT AUF WIDERRUF DER EINWILLIGUNG.<br\/>Es ist das Recht, die Zustimmung, die Sie durch Unterschrift in handschriftlicher oder digitaler Form jederzeit und wie im entsprechenden Abschnitt &#8222;Aus\u00fcbung der Rechte&#8220; oder in der spezifischen Verarbeitung von kommerziellen Kommunikation oder Newsletter angegeben zu widerrufen. Bitte beachten Sie, dass dieses Recht nicht gilt, wenn die Verarbeitung personenbezogener Daten unter anderem zur Erf\u00fcllung einer rechtlichen Verpflichtung, zur Erf\u00fcllung und Aufrechterhaltung eines Vertragsverh\u00e4ltnisses oder zur Geltendmachung, Aus\u00fcbung oder Verteidigung von Rechtsanspr\u00fcchen erforderlich ist. Dar\u00fcber hinaus hat der Widerruf der Zustimmung keine<br\/>r\u00fcckwirkend, d.h. die Rechtm\u00e4\u00dfigkeit der Verarbeitung auf der Grundlage einer Einwilligung vor deren Widerruf wird nicht ber\u00fchrt.<br\/>4.6.- RECHT AUF \u00dcBERTRAGBARKEIT.<br\/>Dies ist das Recht, die Sie betreffenden personenbezogenen Daten, die Sie uns zur Verf\u00fcgung gestellt haben, in einem strukturierten, g\u00e4ngigen und maschinenlesbaren Format zu erhalten und sie an einen anderen f\u00fcr die Verarbeitung Verantwortlichen zu \u00fcbermitteln, sofern: die Verarbeitung auf Ihrer Einwilligung beruht und mit automatisierten oder computergest\u00fctzten Mitteln erfolgt.<br\/>4.7.- EINSPRUCHSRECHT.<br\/>Dies ist das Recht, der Verarbeitung Ihrer personenbezogenen Daten auf der Grundlage unseres berechtigten Interesses zu widersprechen. Wir werden Ihre personenbezogenen Daten nicht weiterverarbeiten, es sei denn, wir k\u00f6nnen zwingende schutzw\u00fcrdige Gr\u00fcnde f\u00fcr die Verarbeitung nachweisen, die Ihre Interessen, Rechte und Freiheiten \u00fcberwiegen, oder zur Begr\u00fcndung, Aus\u00fcbung oder Verteidigung von Anspr\u00fcchen.<br\/>4.8.- RECHT AUF BESCHWERDE BEI EINER AUFSICHTSBEH\u00d6RDE.<br\/>Wenn Sie der Meinung sind, dass wir Ihre personenbezogenen Daten nicht korrekt verarbeiten, k\u00f6nnen Sie sich an uns wenden oder Sie haben das Recht, eine Beschwerde bei der spanischen Datenschutzbeh\u00f6rde (AEPD) einzureichen:<br\/>https:\/\/www.agpd.es\/portalwebAGPD\/index-ides-idphp.php<br\/>4.9.- AUS\u00dcBUNG DER RECHTE.<br\/>Sie k\u00f6nnen Ihre Rechte aus\u00fcben, indem Sie ein Schreiben an die oben angegebene Postanschrift oder per E-Mail an comercial@mrhotelsdenia.com senden und in beiden F\u00e4llen eine Kopie Ihrer NIF\/NIE\/Pass oder eines \u00e4hnlichen Dokuments beif\u00fcgen.<br\/>V.- VERARBEITUNG VON PERSONENBEZOGENEN DATEN.<br\/>5.1.- ALLGEMEINE BESTIMMUNGEN.<br\/>Die bei den einzelnen Verarbeitungen angeforderten personenbezogenen Daten entsprechen dem Grundsatz der Datenminimierung, sind daf\u00fcr erheblich und auf das f\u00fcr die Zwecke, f\u00fcr die sie verarbeitet werden, erforderliche Ma\u00df beschr\u00e4nkt.<br\/>Die bei den einzelnen Verarbeitungen angeforderten personenbezogenen Daten sind unbedingt erforderlich; ihre Verweigerung w\u00fcrde dazu f\u00fchren, dass wir die angeforderte Dienstleistung nicht erbringen k\u00f6nnen.<br\/>Die in den einzelnen Verarbeitungsvorg\u00e4ngen vorgesehenen \u00dcbermittlungen personenbezogener Daten sind in einigen F\u00e4llen f\u00fcr die Erf\u00fcllung und Aufrechterhaltung eines Vertrags und in anderen F\u00e4llen f\u00fcr die Erf\u00fcllung einer f\u00fcr den f\u00fcr die Verarbeitung Verantwortlichen geltenden rechtlichen Verpflichtung erforderlich.<br\/>5.2.- GRUNDLEGENDE BEHANDLUNGEN.<br\/>Abrechnung.<br\/>Die personenbezogenen Daten werden zum Zweck der Ausstellung der entsprechenden Rechnung f\u00fcr die erbrachten Dienstleistungen verarbeitet.<br\/>Die Rechtsgrundlage, die die Verarbeitung personenbezogener Daten legitimiert, ist die Erf\u00fcllung einer f\u00fcr den f\u00fcr die Verarbeitung Verantwortlichen geltenden rechtlichen Verpflichtung.<br\/>In \u00dcbereinstimmung mit den f\u00fcr den f\u00fcr die Datenverarbeitung Verantwortlichen geltenden gesetzlichen Verpflichtungen werden personenbezogene Daten an die Steuerbeh\u00f6rden und andere notwendige offizielle Stellen sowie als notwendige vertragliche Voraussetzung an Drittunternehmen f\u00fcr die Erbringung von Dienstleistungen an die verantwortliche Beratungs-\/Verwaltungsgesellschaft sowie ggf. f\u00fcr die Inanspruchnahme von Garantien in Bezug auf die vertraglich vereinbarten Produkte und\/oder Dienstleistungen \u00fcbermittelt.<br\/>Personenbezogene Daten werden so lange aufbewahrt, wie die Beziehung zwischen den Parteien aufrechterhalten wird, oder so lange, wie es zur Erf\u00fcllung rechtlicher Verpflichtungen erforderlich ist.<br\/>E-Mail.<br\/>Personenbezogene Daten werden verarbeitet, um Informationsanfragen, Anregungen und Beschwerden von Kunden oder Nutzern zu kanalisieren und zu bearbeiten.<br\/>Die Rechtsgrundlage, die die Verarbeitung personenbezogener Daten legitimiert, ist das berechtigte Interesse des f\u00fcr die Verarbeitung Verantwortlichen.<br\/>Personenbezogene Daten werden unbeschadet der Aus\u00fcbung Ihrer Rechte als betroffene Person f\u00fcr einen Zeitraum von zwei Jahren nach Beendigung der Verarbeitung aufbewahrt.<br\/>Registereintrag<br\/>Die personenbezogenen Daten werden verarbeitet, um den im Dokument selbst angegebenen Dienst zu verwalten.<br\/>Die Rechtsgrundlage, die die Verarbeitung personenbezogener Daten legitimiert, ist die ausdr\u00fcckliche Zustimmung, die durch die Unterzeichnung der Genehmigung f\u00fcr die Verarbeitung personenbezogener Daten erteilt wird.<br\/>Als notwendige vertragliche Voraussetzung werden personenbezogene Daten an externe Partner und an Agenturen, Beamte, \u00f6ffentliche Register und andere Dritte im Allgemeinen f\u00fcr die ordnungsgem\u00e4\u00dfe Ausf\u00fchrung des Auftrags sowie an Drittunternehmen f\u00fcr die Erbringung von Dienstleistungen an die f\u00fcr die Beratung\/Verwaltung zust\u00e4ndige Person weitergegeben.<br\/>Die personenbezogenen Daten werden so lange aufbewahrt, wie Sie Ihre Einwilligung nicht widerrufen, es sei denn, sie m\u00fcssen f\u00fcr die Aufrechterhaltung der Beziehung zwischen den Parteien oder f\u00fcr die Dauer der Erf\u00fcllung gesetzlicher Verpflichtungen aufbewahrt werden.<br\/>Reservierungen.<br\/>Die personenbezogenen Daten werden zur Verwaltung der get\u00e4tigten Reservierungen sowie f\u00fcr jeden anderen legitimen und notwendigen Zweck verarbeitet, der sich aus der Beziehung zwischen den Parteien ergibt.<br\/>Die Rechtsgrundlage, die die Verarbeitung personenbezogener Daten legitimiert, ist die ausdr\u00fcckliche Zustimmung, die durch Unterzeichnung der entsprechenden Genehmigung f\u00fcr die Verarbeitung personenbezogener Daten erteilt wird.<br\/>Als notwendige vertragliche Voraussetzung werden personenbezogene Daten zur Erbringung von Beratungsleistungen an den Verantwortlichen an Drittunternehmen weitergegeben. In Erf\u00fcllung gesetzlicher Verpflichtungen werden personenbezogene Daten an die staatlichen Sicherheitskr\u00e4fte und -korps sowie an die Steuerverwaltung \u00fcbermittelt.<br\/>Die personenbezogenen Daten werden so lange aufbewahrt, wie Sie Ihre Einwilligung nicht widerrufen, es sei denn, sie m\u00fcssen f\u00fcr die Aufrechterhaltung der Beziehung zwischen den Parteien oder f\u00fcr die Dauer der Erf\u00fcllung gesetzlicher Verpflichtungen aufbewahrt werden.<\/p>\n","protected":false},"excerpt":{"rendered":"<p>Diese Datenschutzrichtlinie steht im Einklang mit der Verordnung (EU) 2016\/679 des Europ\u00e4ischen Parlaments und des Rates vom 27. April 2016 zum Schutz nat\u00fcrlicher Personen bei der Verarbeitung personenbezogener Daten und zum freien Datenverkehr (RGPD), dem Organgesetz 3\/2018 vom 5. Dezember, \u00fcber den Schutz personenbezogener Daten und die Gew\u00e4hrleistung digitaler Rechte (LOPDGDD) sowie, soweit dies nicht [&hellip;]<\/p>\n","protected":false},"author":1,"featured_media":0,"parent":0,"menu_order":0,"comment_status":"closed","ping_status":"closed","template":"","meta":{"_joinchat":[],"footnotes":""},"class_list":["post-1517","page","type-page","status-publish","hentry"],"_links":{"self":[{"href":"https:\/\/hotelcostablancadenia.com\/de\/wp-json\/wp\/v2\/pages\/1517","targetHints":{"allow":["GET"]}}],"collection":[{"href":"https:\/\/hotelcostablancadenia.com\/de\/wp-json\/wp\/v2\/pages"}],"about":[{"href":"https:\/\/hotelcostablancadenia.com\/de\/wp-json\/wp\/v2\/types\/page"}],"author":[{"embeddable":true,"href":"https:\/\/hotelcostablancadenia.com\/de\/wp-json\/wp\/v2\/users\/1"}],"replies":[{"embeddable":true,"href":"https:\/\/hotelcostablancadenia.com\/de\/wp-json\/wp\/v2\/comments?post=1517"}],"version-history":[{"count":1,"href":"https:\/\/hotelcostablancadenia.com\/de\/wp-json\/wp\/v2\/pages\/1517\/revisions"}],"predecessor-version":[{"id":1518,"href":"https:\/\/hotelcostablancadenia.com\/de\/wp-json\/wp\/v2\/pages\/1517\/revisions\/1518"}],"wp:attachment":[{"href":"https:\/\/hotelcostablancadenia.com\/de\/wp-json\/wp\/v2\/media?parent=1517"}],"curies":[{"name":"wp","href":"https:\/\/api.w.org\/{rel}","templated":true}]}}