{"id":1511,"date":"2023-09-14T11:37:07","date_gmt":"2023-09-14T11:37:07","guid":{"rendered":"https:\/\/hotelcostablancadenia.com\/cookies-politik\/"},"modified":"2025-06-02T14:19:28","modified_gmt":"2025-06-02T14:19:28","slug":"cookies-politik","status":"publish","type":"page","link":"https:\/\/hotelcostablancadenia.com\/de\/cookies-politik\/","title":{"rendered":"Cookies-Politik"},"content":{"rendered":"\r\n<ol class=\"wp-block-list\">\r\n<li>\r\n<p data-start=\"50\" data-end=\"285\"><strong data-start=\"50\" data-end=\"285\">Diese Website verwendet eigene Cookies und\/oder \u00e4hnliche Technologien, die beim Surfen Informationen speichern und abrufen. Nachfolgend k\u00f6nnen Sie die auf dieser Website verwendeten Cookies und\/oder \u00e4hnlichen Technologien einsehen.<\/strong><\/p>\r\n<p data-start=\"287\" data-end=\"305\"><strong data-start=\"287\" data-end=\"305\">EIGENE COOKIES<\/strong><\/p>\r\n<p data-start=\"307\" data-end=\"1294\"><strong data-start=\"307\" data-end=\"345\">Technische oder notwendige Cookies<\/strong><br data-start=\"345\" data-end=\"348\" \/>Technische oder unbedingt notwendige Cookies sind solche, die dem Nutzer die Navigation auf einer Website und die Nutzung der verschiedenen dort angebotenen Optionen oder Dienste erm\u00f6glichen. Dazu geh\u00f6ren beispielsweise die Steuerung des Datenverkehrs und der Datenkommunikation, die Sitzungsidentifikation, der Zugriff auf gesch\u00fctzte Bereiche, das Merken der Elemente eines Warenkorbs, die Durchf\u00fchrung des Kaufprozesses, die Zahlungsabwicklung, die Betrugskontrolle im Zusammenhang mit der Sicherheit des Dienstes, die Anmeldung oder Teilnahme an einer Veranstaltung, die Verwendung von Sicherheitselementen w\u00e4hrend der Navigation, das Speichern von Inhalten zur Verbreitung von Videos oder Audios, die Aktivierung dynamischer Inhalte (z.\u202fB. Ladeanimationen f\u00fcr Text oder Bilder), das Teilen von Inhalten \u00fcber soziale Netzwerke oder die Personalisierung der Benutzeroberfl\u00e4che, sofern der Nutzer diese Personalisierungsoptionen selbst ausw\u00e4hlt.<\/p>\r\n<p data-start=\"1296\" data-end=\"1495\">Die rechtliche Grundlage f\u00fcr diese Verarbeitung ist die Ausf\u00fchrung und Aufrechterhaltung des vom Nutzer angeforderten Dienstes. Diese Cookies bleiben aktiv, solange der Nutzer auf der Website bleibt.<\/p>\r\n<p data-start=\"1497\" data-end=\"1683\"><strong data-start=\"1497\" data-end=\"1563\">WEITERE INFORMATIONEN ZUR VERARBEITUNG PERSONENBEZOGENER DATEN<\/strong><br data-start=\"1563\" data-end=\"1566\" \/>Weitere Informationen \u00fcber die Verarbeitung Ihrer personenbezogenen Daten finden Sie in unserer<a href=\"https:\/\/hotelcostablancadenia.com\/de\/datenschutzbestimmungen\/\"> Datenschutzerkl\u00e4rung<\/a>.<\/p>\r\n<\/li>\r\n<\/ol>\r\n","protected":false},"excerpt":{"rendered":"","protected":false},"author":1,"featured_media":0,"parent":0,"menu_order":0,"comment_status":"closed","ping_status":"closed","template":"","meta":{"_joinchat":[],"footnotes":""},"class_list":["post-1511","page","type-page","status-publish","hentry"],"_links":{"self":[{"href":"https:\/\/hotelcostablancadenia.com\/de\/wp-json\/wp\/v2\/pages\/1511","targetHints":{"allow":["GET"]}}],"collection":[{"href":"https:\/\/hotelcostablancadenia.com\/de\/wp-json\/wp\/v2\/pages"}],"about":[{"href":"https:\/\/hotelcostablancadenia.com\/de\/wp-json\/wp\/v2\/types\/page"}],"author":[{"embeddable":true,"href":"https:\/\/hotelcostablancadenia.com\/de\/wp-json\/wp\/v2\/users\/1"}],"replies":[{"embeddable":true,"href":"https:\/\/hotelcostablancadenia.com\/de\/wp-json\/wp\/v2\/comments?post=1511"}],"version-history":[{"count":3,"href":"https:\/\/hotelcostablancadenia.com\/de\/wp-json\/wp\/v2\/pages\/1511\/revisions"}],"predecessor-version":[{"id":2613,"href":"https:\/\/hotelcostablancadenia.com\/de\/wp-json\/wp\/v2\/pages\/1511\/revisions\/2613"}],"wp:attachment":[{"href":"https:\/\/hotelcostablancadenia.com\/de\/wp-json\/wp\/v2\/media?parent=1511"}],"curies":[{"name":"wp","href":"https:\/\/api.w.org\/{rel}","templated":true}]}}